{"id":8816,"date":"2024-02-07T12:16:22","date_gmt":"2024-02-07T15:16:22","guid":{"rendered":"https:\/\/loja.oficinadaforma.com.br\/wp\/?post_type=product&#038;p=8816"},"modified":"2024-02-07T12:16:22","modified_gmt":"2024-02-07T15:16:22","slug":"kettlebell-revestido-16kg","status":"publish","type":"product","link":"https:\/\/loja.oficinadaforma.com.br\/wp\/produto\/kettlebell-revestido-16kg\/","title":{"rendered":"Kettlebell Revestido 16Kg"},"content":{"rendered":"<p><span class=\"sc-kDvujY kknhWA\" data-testid=\"product-detail-title\">Kettlebell Revestido 16Kg<\/span><\/p>\n<p><span class=\"sc-kDvujY kknhWA\" data-testid=\"product-detail-title\">Treinamento Funcional<\/span><\/p>\n<div class=\"sc-hLBbgP eodrha sc-gqgnwQ dQhViH\" data-testid=\"product-detail-description\">\n<div class=\"sc-hLBbgP gcxrmT sc-dOrDzm bHDkXD\" data-testid=\"rich-content-container\">\n<p>O kettlebell \u00e9 um instrumento que trabalha concomitantemente corpo e mente, trazendo para o praticante, independentemente do objetivo do treino, sa\u00fade f\u00edsica e mental.<br \/>\nPor este motivo, o kettlebell \u00e9 uma das melhores ferramentas do treinamento funcional.<br \/>\nFabricado em ferro Fundido<br \/>\nPossui revestimento em PVC, tem a superf\u00edcie em vinil imperme\u00e1vel com pegada. As vantagens desse modelo \u00e9 que evita danos na superf\u00edcie que ser\u00e1 utilizada.<br \/>\nPode Usar em academia ou em casa.<\/p>\n<\/div>\n<\/div>\n","protected":false},"excerpt":{"rendered":"<p>Kettlebell Revestido 16Kg Treinamento Funcional O kettlebell \u00e9 um instrumento que trabalha concomitantemente corpo e mente, trazendo para o praticante, independentemente do objetivo do treino, sa\u00fade f\u00edsica e mental. Por este motivo, o kettlebell \u00e9 uma das melhores ferramentas do treinamento funcional. Fabricado em ferro Fundido Possui revestimento em PVC, tem a superf\u00edcie em vinil [&hellip;]<\/p>\n","protected":false},"featured_media":8811,"comment_status":"open","ping_status":"closed","template":"","meta":{"_acf_changed":false},"product_brand":[],"product_cat":[452],"product_tag":[],"class_list":{"0":"post-8816","1":"product","2":"type-product","3":"status-publish","4":"has-post-thumbnail","6":"product_cat-acessorios","8":"first","9":"onbackorder","10":"taxable","11":"shipping-taxable","12":"purchasable","13":"product-type-simple","14":"czr-hentry"},"acf":[],"_links":{"self":[{"href":"https:\/\/loja.oficinadaforma.com.br\/wp\/wp-json\/wp\/v2\/product\/8816","targetHints":{"allow":["GET"]}}],"collection":[{"href":"https:\/\/loja.oficinadaforma.com.br\/wp\/wp-json\/wp\/v2\/product"}],"about":[{"href":"https:\/\/loja.oficinadaforma.com.br\/wp\/wp-json\/wp\/v2\/types\/product"}],"replies":[{"embeddable":true,"href":"https:\/\/loja.oficinadaforma.com.br\/wp\/wp-json\/wp\/v2\/comments?post=8816"}],"wp:featuredmedia":[{"embeddable":true,"href":"https:\/\/loja.oficinadaforma.com.br\/wp\/wp-json\/wp\/v2\/media\/8811"}],"wp:attachment":[{"href":"https:\/\/loja.oficinadaforma.com.br\/wp\/wp-json\/wp\/v2\/media?parent=8816"}],"wp:term":[{"taxonomy":"product_brand","embeddable":true,"href":"https:\/\/loja.oficinadaforma.com.br\/wp\/wp-json\/wp\/v2\/product_brand?post=8816"},{"taxonomy":"product_cat","embeddable":true,"href":"https:\/\/loja.oficinadaforma.com.br\/wp\/wp-json\/wp\/v2\/product_cat?post=8816"},{"taxonomy":"product_tag","embeddable":true,"href":"https:\/\/loja.oficinadaforma.com.br\/wp\/wp-json\/wp\/v2\/product_tag?post=8816"}],"curies":[{"name":"wp","href":"https:\/\/api.w.org\/{rel}","templated":true}]}}