{"id":7287,"date":"2023-05-03T14:38:13","date_gmt":"2023-05-03T17:38:13","guid":{"rendered":"https:\/\/oficinadaforma.com.br\/?post_type=product&#038;p=7287"},"modified":"2024-09-25T11:54:25","modified_gmt":"2024-09-25T14:54:25","slug":"bola-suica-p-pilates-65cm","status":"publish","type":"product","link":"https:\/\/loja.oficinadaforma.com.br\/wp\/produto\/bola-suica-p-pilates-65cm\/","title":{"rendered":"BOLA SU\u00cd\u00c7A P\/ PILATES (65CM)"},"content":{"rendered":"<p>Capacidade: 150 Kg<br \/>\nV\u00e1lvula Anti-Explos\u00e3o<br \/>\n&#8211; 65cm de Di\u00e2mentro<\/p>\n","protected":false},"excerpt":{"rendered":"<p>Capacidade: 150 Kg V\u00e1lvula Anti-Explos\u00e3o &#8211; 65cm de Di\u00e2mentro<\/p>\n","protected":false},"featured_media":8892,"comment_status":"open","ping_status":"closed","template":"","meta":{"_acf_changed":false},"product_brand":[],"product_cat":[452],"product_tag":[],"class_list":{"0":"post-7287","1":"product","2":"type-product","3":"status-publish","4":"has-post-thumbnail","6":"product_cat-acessorios","8":"first","9":"instock","10":"taxable","11":"shipping-taxable","12":"purchasable","13":"product-type-simple","14":"czr-hentry"},"acf":[],"_links":{"self":[{"href":"https:\/\/loja.oficinadaforma.com.br\/wp\/wp-json\/wp\/v2\/product\/7287","targetHints":{"allow":["GET"]}}],"collection":[{"href":"https:\/\/loja.oficinadaforma.com.br\/wp\/wp-json\/wp\/v2\/product"}],"about":[{"href":"https:\/\/loja.oficinadaforma.com.br\/wp\/wp-json\/wp\/v2\/types\/product"}],"replies":[{"embeddable":true,"href":"https:\/\/loja.oficinadaforma.com.br\/wp\/wp-json\/wp\/v2\/comments?post=7287"}],"wp:featuredmedia":[{"embeddable":true,"href":"https:\/\/loja.oficinadaforma.com.br\/wp\/wp-json\/wp\/v2\/media\/8892"}],"wp:attachment":[{"href":"https:\/\/loja.oficinadaforma.com.br\/wp\/wp-json\/wp\/v2\/media?parent=7287"}],"wp:term":[{"taxonomy":"product_brand","embeddable":true,"href":"https:\/\/loja.oficinadaforma.com.br\/wp\/wp-json\/wp\/v2\/product_brand?post=7287"},{"taxonomy":"product_cat","embeddable":true,"href":"https:\/\/loja.oficinadaforma.com.br\/wp\/wp-json\/wp\/v2\/product_cat?post=7287"},{"taxonomy":"product_tag","embeddable":true,"href":"https:\/\/loja.oficinadaforma.com.br\/wp\/wp-json\/wp\/v2\/product_tag?post=7287"}],"curies":[{"name":"wp","href":"https:\/\/api.w.org\/{rel}","templated":true}]}}