{"id":7217,"date":"2023-04-26T11:49:14","date_gmt":"2023-04-26T14:49:14","guid":{"rendered":"https:\/\/oficinadaforma.com.br\/?post_type=product&#038;p=7217"},"modified":"2025-01-14T14:28:47","modified_gmt":"2025-01-14T17:28:47","slug":"barra-hexagonal-p-crossfit-bhex-bhexol","status":"publish","type":"product","link":"https:\/\/loja.oficinadaforma.com.br\/wp\/produto\/barra-hexagonal-p-crossfit-bhex-bhexol\/","title":{"rendered":"Barra Hexagonal P\/ Crossfit &#8211; BHEX-BHEXOL"},"content":{"rendered":"<p>Estrutura em Eixo Maci\u00e7o C\/ Pintura Eletrost\u00e1tica<br \/>\nPegada em Eixo Maci\u00e7o, Cromada, Recartilhada<br \/>\nM o d e l o O l \u00ed m p i c o A c o m p a n h a 1 p a r d e p r e s i l h a s d e a p e r t o r \u00e1 p i d o ( L o c k J a w)<br \/>\nPeso: 16,9Kg (Ol\u00edmpica) \/ 15,5Kg (Standard)<br \/>\nBARRA HEXAGONAL P\/ AGACHAMENTO (MODELOS: OL\u00cdMPICO E STANDARD)<br \/>\nRef.: BHEX ( STANDARD ) \/ BHEXOL (OL\u00cdMPICA)<\/p>\n<p>Valores<br \/>\nBHEX P\/ Anilhas Padr\u00e3o R$736,00<br \/>\nBHEXOL P\/ Anilhas Ol\u00edmpicas R$889,00<\/p>\n","protected":false},"excerpt":{"rendered":"<p>Estrutura em Eixo Maci\u00e7o C\/ Pintura Eletrost\u00e1tica Pegada em Eixo Maci\u00e7o, Cromada, Recartilhada M o d e l o O l \u00ed m p i c o A c o m p a n h a 1 p a r d e p r e s i l h a s d e a p [&hellip;]<\/p>\n","protected":false},"featured_media":7218,"comment_status":"open","ping_status":"closed","template":"","meta":{"_acf_changed":false},"product_brand":[],"product_cat":[452,454,413],"product_tag":[553],"class_list":{"0":"post-7217","1":"product","2":"type-product","3":"status-publish","4":"has-post-thumbnail","6":"product_cat-acessorios","7":"product_cat-barras-e-puxadores","8":"product_cat-cross-training","9":"product_tag-barrahexagonal","11":"first","12":"onbackorder","13":"taxable","14":"shipping-taxable","15":"purchasable","16":"product-type-simple","17":"czr-hentry"},"acf":[],"_links":{"self":[{"href":"https:\/\/loja.oficinadaforma.com.br\/wp\/wp-json\/wp\/v2\/product\/7217","targetHints":{"allow":["GET"]}}],"collection":[{"href":"https:\/\/loja.oficinadaforma.com.br\/wp\/wp-json\/wp\/v2\/product"}],"about":[{"href":"https:\/\/loja.oficinadaforma.com.br\/wp\/wp-json\/wp\/v2\/types\/product"}],"replies":[{"embeddable":true,"href":"https:\/\/loja.oficinadaforma.com.br\/wp\/wp-json\/wp\/v2\/comments?post=7217"}],"wp:featuredmedia":[{"embeddable":true,"href":"https:\/\/loja.oficinadaforma.com.br\/wp\/wp-json\/wp\/v2\/media\/7218"}],"wp:attachment":[{"href":"https:\/\/loja.oficinadaforma.com.br\/wp\/wp-json\/wp\/v2\/media?parent=7217"}],"wp:term":[{"taxonomy":"product_brand","embeddable":true,"href":"https:\/\/loja.oficinadaforma.com.br\/wp\/wp-json\/wp\/v2\/product_brand?post=7217"},{"taxonomy":"product_cat","embeddable":true,"href":"https:\/\/loja.oficinadaforma.com.br\/wp\/wp-json\/wp\/v2\/product_cat?post=7217"},{"taxonomy":"product_tag","embeddable":true,"href":"https:\/\/loja.oficinadaforma.com.br\/wp\/wp-json\/wp\/v2\/product_tag?post=7217"}],"curies":[{"name":"wp","href":"https:\/\/api.w.org\/{rel}","templated":true}]}}