{"id":7191,"date":"2023-04-11T16:14:25","date_gmt":"2023-04-11T19:14:25","guid":{"rendered":"https:\/\/oficinadaforma.com.br\/?post_type=product&#038;p=7191"},"modified":"2024-03-27T14:48:00","modified_gmt":"2024-03-27T17:48:00","slug":"fita-de-suspensao-trx","status":"publish","type":"product","link":"https:\/\/loja.oficinadaforma.com.br\/wp\/produto\/fita-de-suspensao-trx\/","title":{"rendered":"Fita de suspens\u00e3o TRX"},"content":{"rendered":"<div id=\"technical_specifications\" class=\"ui-pdp-container__row ui-pdp-container__row--technical-specifications\">\n<div class=\"ui-pdp-specs\">\n<h2 class=\"ui-pdp-specs__title\">Caracter\u00edsticas principais<\/h2>\n<div class=\"ui-pdp-specs__table\">\n<table class=\"andes-table\">\n<tbody class=\"andes-table__body\">\n<tr class=\"andes-table__row\">\n<th class=\"andes-table__header andes-table__header--left ui-pdp-specs__table__column ui-pdp-specs__table__column-title\">Marca<\/th>\n<td class=\"andes-table__column andes-table__column--left ui-pdp-specs__table__column\"><span class=\"andes-table__column--value\">Rawi Fitness<\/span><\/td>\n<\/tr>\n<tr class=\"andes-table__row\">\n<th class=\"andes-table__header andes-table__header--left ui-pdp-specs__table__column ui-pdp-specs__table__column-title\">Modelo<\/th>\n<td class=\"andes-table__column andes-table__column--left ui-pdp-specs__table__column\"><span class=\"andes-table__column--value\">Duplo<\/span><\/td>\n<\/tr>\n<\/tbody>\n<\/table>\n<\/div>\n<h3 class=\"ui-pdp-specs__subtitle\">Outras caracter\u00edsticas<\/h3>\n<div class=\"ui-pdp-list ui-pdp-specs__list\">\n<ul class=\"ui-pdp-list__wrapper\">\n<li class=\"ui-pdp-list__item\">\n<p class=\"ui-pdp-family--REGULAR ui-pdp-list__text\"><span class=\"ui-pdp-color--BLACK ui-pdp-size--XSMALL ui-pdp-family--BOLD\">Peso m\u00e1ximo suportado<\/span>: 120 kg<\/p>\n<\/li>\n<li class=\"ui-pdp-list__item\">\n<p class=\"ui-pdp-family--REGULAR ui-pdp-list__text\"><span class=\"ui-pdp-color--BLACK ui-pdp-size--XSMALL ui-pdp-family--BOLD\">Material<\/span>: Fita 50mm<\/p>\n<\/li>\n<\/ul>\n<ul class=\"ui-pdp-list__wrapper\">\n<li class=\"ui-pdp-list__item\">\n<p class=\"ui-pdp-family--REGULAR ui-pdp-list__text\"><span class=\"ui-pdp-color--BLACK ui-pdp-size--XSMALL ui-pdp-family--BOLD\">Inclui suporte<\/span>: Sim<\/p>\n<\/li>\n<li class=\"ui-pdp-list__item\">\n<p class=\"ui-pdp-family--REGULAR ui-pdp-list__text\"><span class=\"ui-pdp-color--BLACK ui-pdp-size--XSMALL ui-pdp-family--BOLD\">Unidades por embalagem<\/span>: 1<\/p>\n<\/li>\n<\/ul>\n<\/div>\n<\/div>\n<\/div>\n<div id=\"description\" class=\"ui-pdp-container__row ui-pdp-container__row--description\">\n<div class=\"ui-pdp-description\">\n<h2 class=\"ui-pdp-description__title\">Descri\u00e7\u00e3o<\/h2>\n<p class=\"ui-pdp-description__content\">Fita P\/ Treinamento Suspenso Trx<\/p>\n<p>Com suporte para porta e fita de prolongadora..<\/p>\n<p>Mosquet\u00e3o suporta at\u00e9 150 kg.<\/p>\n<p>Manopla com rolamento de PVC.<\/p>\n<p>Ele pode chegar aos 2.80 mt , com a regulagem.<\/p>\n<p>Fita 50 mm refor\u00e7adas<\/p>\n<p>Fivelas Cromadas Soldadas<\/p>\n<p>\u00c9 um equipamento que permite que sejam realizados exerc\u00edcios utilizando o peso do pr\u00f3prio corpo, resultando em maior resist\u00eancia e aumento da for\u00e7a muscular, al\u00e9m de promover a consci\u00eancia corporal e melhorar o equil\u00edbrio e a capacidade cardiorrespirat\u00f3ria.<\/p>\n<\/div>\n<\/div>\n","protected":false},"excerpt":{"rendered":"<p>Caracter\u00edsticas principais Marca Rawi Fitness Modelo Duplo Outras caracter\u00edsticas Peso m\u00e1ximo suportado: 120 kg Material: Fita 50mm Inclui suporte: Sim Unidades por embalagem: 1 Descri\u00e7\u00e3o Fita P\/ Treinamento Suspenso Trx Com suporte para porta e fita de prolongadora.. Mosquet\u00e3o suporta at\u00e9 150 kg. Manopla com rolamento de PVC. Ele pode chegar aos 2.80 mt , [&hellip;]<\/p>\n","protected":false},"featured_media":7192,"comment_status":"open","ping_status":"closed","template":"","meta":{"_acf_changed":false},"product_brand":[],"product_cat":[452,413,448,436],"product_tag":[541,540],"class_list":{"0":"post-7191","1":"product","2":"type-product","3":"status-publish","4":"has-post-thumbnail","6":"product_cat-acessorios","7":"product_cat-cross-training","8":"product_cat-fitas-de-suspensao","9":"product_cat-funcional","10":"product_tag-fitasuspensao","11":"product_tag-trx","13":"first","14":"instock","15":"taxable","16":"shipping-taxable","17":"purchasable","18":"product-type-simple","19":"czr-hentry"},"acf":[],"_links":{"self":[{"href":"https:\/\/loja.oficinadaforma.com.br\/wp\/wp-json\/wp\/v2\/product\/7191","targetHints":{"allow":["GET"]}}],"collection":[{"href":"https:\/\/loja.oficinadaforma.com.br\/wp\/wp-json\/wp\/v2\/product"}],"about":[{"href":"https:\/\/loja.oficinadaforma.com.br\/wp\/wp-json\/wp\/v2\/types\/product"}],"replies":[{"embeddable":true,"href":"https:\/\/loja.oficinadaforma.com.br\/wp\/wp-json\/wp\/v2\/comments?post=7191"}],"wp:featuredmedia":[{"embeddable":true,"href":"https:\/\/loja.oficinadaforma.com.br\/wp\/wp-json\/wp\/v2\/media\/7192"}],"wp:attachment":[{"href":"https:\/\/loja.oficinadaforma.com.br\/wp\/wp-json\/wp\/v2\/media?parent=7191"}],"wp:term":[{"taxonomy":"product_brand","embeddable":true,"href":"https:\/\/loja.oficinadaforma.com.br\/wp\/wp-json\/wp\/v2\/product_brand?post=7191"},{"taxonomy":"product_cat","embeddable":true,"href":"https:\/\/loja.oficinadaforma.com.br\/wp\/wp-json\/wp\/v2\/product_cat?post=7191"},{"taxonomy":"product_tag","embeddable":true,"href":"https:\/\/loja.oficinadaforma.com.br\/wp\/wp-json\/wp\/v2\/product_tag?post=7191"}],"curies":[{"name":"wp","href":"https:\/\/api.w.org\/{rel}","templated":true}]}}